{"id":20,"date":"2014-01-17T10:47:51","date_gmt":"2014-01-17T08:47:51","guid":{"rendered":"http:\/\/zahnarztwuppertal.wordpress.com\/?page_id=20"},"modified":"2014-11-21T13:45:38","modified_gmt":"2014-11-21T11:45:38","slug":"tipps","status":"publish","type":"page","link":"http:\/\/www.zahnarztwuppertal.org\/index.php\/tipps\/","title":{"rendered":"TIPPS F\u00dcR GESUNDE Z\u00c4HNE"},"content":{"rendered":"<p><script>\n  (function(i,s,o,g,r,a,m){i['GoogleAnalyticsObject']=r;i[r]=i[r]||function(){\n  (i[r].q=i[r].q||[]).push(arguments)},i[r].l=1*new Date();a=s.createElement(o),\n  m=s.getElementsByTagName(o)[0];a.async=1;a.src=g;m.parentNode.insertBefore(a,m)\n  })(window,document,'script','\/\/www.google-analytics.com\/analytics.js','ga');<\/p>\n<p>  ga('create', 'UA-29563783-1', 'auto');\n  ga('send', 'pageview');<\/p>\n<p><\/script><\/p>\n<p><strong><br \/>\n<a href=\"http:\/\/www.zahnarztwuppertal.org\/wp-content\/uploads\/2014\/01\/zahnseide.jpg\"><img decoding=\"async\" loading=\"lazy\" class=\"alignnone  wp-image-485\" title=\"zahnseide\" src=\"http:\/\/www.zahnarztwuppertal.org\/wp-content\/uploads\/2014\/01\/zahnseide.jpg\" alt=\"\" width=\"315\" height=\"236\" \/><\/a><\/strong><\/p>\n<p><strong>Oft vergessen: Zahnseide<\/strong><\/p>\n<p>Putzen Sie Ihre Z\u00e4hne zweimal t\u00e4glich drei Minuten lang mit fluoridierter Zahnpasta. Schrubben Sie dabei keinesfalls waagerecht, sondern reinigen Sie jeden einzelnen Zahn sorgf\u00e4ltig mit r\u00fcttelnden und auswischenden Bewegungen von rot (Zahnfleisch) nach wei\u00df (Zahn). Der Druck der Zahnb\u00fcrste auf den Zahn sollte 150 Gramm nicht \u00fcbersteigen \u2013 nehmen Sie eine K\u00fcchenwaage zum Testen.<\/p>\n<p>Mindestens einmal, besser zweimal\u00a0am Tag sollten die Zahnzwischenr\u00e4ume mit Zahnseide gereinigt werden. Der Grund ist einfach: Hier finden Kariesbakterien und Parodontitis ausl\u00f6sende Erreger optimale Wachstumsbedingungen. Allerdings erfordert der Einsatz von Zahnseide \u2013 vor allem bei jungen Menschen \u2013 etwas \u00dcbung. So machen Sie\u2019s richtig:<\/p>\n<p>\u2022 Schneiden Sie ein ca. 50 cm langes St\u00fcck Zahnseide ab<br \/>\n\u2022 Wickeln Sie jeweils ein Ende der Zahnseide um einen Mittelfinger. Die Handfl\u00e4chen sollten sich dabei anschauen und etwa einen Abstand von 15 cm voneinander haben.<br \/>\n\u2022 Sind die Enden fixiert, drehen Sie die Handfl\u00e4chen nach unten und halten mit den Zeigefingern die Zahnseide in Position und gespannt.<br \/>\n\u2022 Bewegen Sie die Seide nun unter leichtem Vor \u2013 und Zur\u00fcckziehen im Zwischenraum an den Seiten der Z\u00e4hne von unten nach oben.<br \/>\n\u2022 Lassen Sie den Zahnfleischrand nicht aus (der Faden sollte bis leicht unter den Zahnfleischsaum gef\u00fchrt werden, ohne diesen zu verletzen)<\/p>\n<p><a href=\"http:\/\/www.zahnarztwuppertal.org\/wp-content\/uploads\/2014\/01\/professionelle-zahnreinigung.jpg\"><img decoding=\"async\" loading=\"lazy\" class=\"alignnone  wp-image-486\" title=\"professionelle zahnreinigung\" src=\"http:\/\/www.zahnarztwuppertal.org\/wp-content\/uploads\/2014\/01\/professionelle-zahnreinigung.jpg\" alt=\"\" width=\"215\" height=\"277\" \/><\/a><\/p>\n<p><strong>Professionelle Zahnreinigung<br \/>\n<\/strong><br \/>\nF\u00fcr gesunde Z\u00e4hne und Zahnfleisch spielt die optimale Mundhygiene eine entscheidende Rolle. Auch wenn Sie regelm\u00e4\u00dfig ihre Z\u00e4hne putzen, l\u00e4sst sich auf Dauer die Entstehung von Zahnbel\u00e4gen und damit das Karies- und Parodontitisrisiko kaum vermeiden. Aus diesem Grund macht eine in regelm\u00e4\u00dfigen Abst\u00e4nden durchgef\u00fchrte professionelle Zahnreinigung Sinn. Mit entsprechenden zahn\u00e4rztlichen Ger\u00e4ten werden so auch die Bel\u00e4ge entfernt, die f\u00fcr\u00a0einen zu Hause auch bei bester Pflege unerreichbar bleiben.<\/p>\n<p>Die professionelle Zahnreinigung lohnt sich vor allem f\u00fcr Patienten mit tiefen, schwer zu pflegenden Zahnfleischtaschen. Sie sollten sogar drei- bis viermal im Jahr zur Behandlung kommen. Die Investition zahlt sich aus, weil sp\u00e4ter h\u00f6chstwahrscheinlich kein Zahnersatz notwendig wird. Die Folgekosten bei ausgelassener Reining sind um Einiges h\u00f6her als die 50-80 Euro, die Sie hierf\u00fcr entrichten. Ihre Z\u00e4hne sollten es Ihnen wert sein! Wenn Sie ein sogenannter <a title=\"Angstpatient Behandlung in Krefeld\" href=\"http:\/\/www.stadtwald-klinik.com\/angstpatient.html\" target=\"_blank\">Angstpatient <\/a>sind, also unter starker Zahnarztangst leiden, empfehlen wir die renommierte Zahnklinik Stadtwald Klinik, deren Leiter Dr. Dr. M\u00fcllejans laut der unabh\u00e4ngigen Arztbewertungsplattform jameda.de zu den Top 10 Implantologen, Mund-, Kiefer- und Gesichtschirurgen der Stadt geh\u00f6rt.<\/p>\n<p>P.S. Die gesetzlichen Krankenkassen finanzieren nur einmal im Jahr die Grundleistung, bei der die harten sichtbaren Bel\u00e4ge entfernt werden. Daher muss man die professionelle Reinigung aus der eigenen Tasche zahlen &#8211; doch die Gesundheit Ihrer Z\u00e4hne sollte es Ihnen wert sein.<\/p>\n<p><a href=\"http:\/\/www.zahnarztwuppertal.org\/wp-content\/uploads\/2011\/02\/zahnarzt-wuppertal.jpg\"><img decoding=\"async\" loading=\"lazy\" class=\"alignnone  wp-image-29\" title=\"zahnarzt wuppertal\" src=\"http:\/\/www.zahnarztwuppertal.org\/wp-content\/uploads\/2011\/02\/zahnarzt-wuppertal.jpg\" alt=\"\" width=\"200\" height=\"197\" \/><\/a><br \/>\n<strong>Achten Sie bei S\u00fc\u00dfem auf das &#8220;Zahnm\u00e4nnchen&#8221;-Siegel (siehe oben)<\/strong><\/p>\n<p>Lebensmittel ohne Zucker helfen, die Z\u00e4hne gesund zu erhalten. Leider sind extrem viele &#8220;zuckerfreie&#8221; Produkte sind alles andere als zahnfreundlich. Oft sind es versteckte Zucker oder ein hoher S\u00e4uregehalt, die den Z\u00e4hnen schaden. Zum Gl\u00fcck testen drei Universit\u00e4ten S\u00fc\u00dfwaren und vergeben das begehrte &#8220;Zahnm\u00e4nnchen&#8221;-Siegel. An diesem Logo erkennen Sie, ob die Leickerei ihren Z\u00e4hnen tats\u00e4chlich nicht schadet.<\/p>\n<p><a href=\"http:\/\/www.zahnarztwuppertal.org\/wp-content\/uploads\/2014\/01\/kein-zucker.jpg\"><img decoding=\"async\" loading=\"lazy\" class=\"alignnone size-full wp-image-487\" title=\"kein zucker\" src=\"http:\/\/www.zahnarztwuppertal.org\/wp-content\/uploads\/2014\/01\/kein-zucker.jpg\" alt=\"\" width=\"250\" height=\"229\" \/><\/a><\/p>\n<p><strong>Karies vorbeugen: S\u00fc\u00dfstoff statt Zucker<\/strong><\/p>\n<p>Karies ist die h\u00e4ufigste bakterielle &#8220;Infektionskrankheit&#8221;, unglaubliche 95 Prozent aller Europ\u00e4er sind von ihr betroffen! Dabei kann eine Umstellung der Ern\u00e4hrung viel bewirken: Ohne Zucker fehlt den Karies verursachenden Bakterien die Lebensgrundlage. Ohne diesen Energielieferanten k\u00f6nnen sie auch keine zerst\u00f6rerischen S\u00e4uren produzieren. Allerdings m\u00fcssen Sie nicht auf S\u00fc\u00dfes verzichten: es gibt ja noch S\u00fc\u00dfstoffe! S\u00fc\u00dfstoffe haben so gut wie keine Kalorien sind um ein vielfaches s\u00fc\u00dfer als Haushaltszucker und eignen sich optimal zur Ern\u00e4hrung bei Diabetes. In der EU sind momentan acht S\u00fc\u00dfstoffe zugelassen: Aspartam, Saccharin, Acesulfam, Aspartam:Acesulfam (1:1), Cyclamat, Sucralose, Thaumatin und Neohesperidin. Vielen Zucker-Fans, die auf S\u00fc\u00dfstoff umsteigen wollen bekommt der Geschmack der S\u00fc\u00dfstoffe anfangs nicht. Aber es ist normal, dass man etwas Zeit braucht, um sich daran zu gew\u00f6hnen.<\/p>\n<p>Ein weiteres Problem: viele Lebensmittel enthalten versteckte Zucker. Senf, Ketchup, Wurst, Suppen oder Salatsaucen sind h\u00e4ufig mit Zucker verfeinert worden. Aber auch viele Naturprodukte enthalten Zucker: Fruchts\u00e4fte, Trockenfr\u00fcchte und Honig haben ein enormes Potenzial, Karies zu f\u00f6rdern. Tipp: Achten Sie stets auf die N\u00e4hrwertangaben und dort auf die Kohlenhydrate (davon Zucker &#8230;).<\/p>\n<p><strong><a href=\"http:\/\/www.zahnarztwuppertal.org\/wp-content\/uploads\/2014\/01\/gesunde-ernaehrung.jpg\"><img decoding=\"async\" loading=\"lazy\" class=\"alignnone size-full wp-image-488\" title=\"gesunde ernaehrung\" src=\"http:\/\/www.zahnarztwuppertal.org\/wp-content\/uploads\/2014\/01\/gesunde-ernaehrung.jpg\" alt=\"\" width=\"300\" height=\"200\" \/><\/a><\/strong><\/p>\n<p><strong>Die richtige (Zahn)-Ern\u00e4hrung<\/strong><\/p>\n<p>Milch enth\u00e4lt alle Mineralstoffe und Vitamine, die der Zahn braucht. Vor allem Kalzium und Phosphor sowie die Vitamine A, C und D. Milch aktiviert dar\u00fcber hinaus die Produktion von Speichel, der Kariesbakterien wegsp\u00fclt und den Zahnschmelz remineralisiert. Ein sch\u00f6ner Nebeneffekt: Laut einer kanadischen Studie hilft fettarme Milch dem K\u00f6rper in besonderem Ma\u00dfe, Fett abzubauen. Wer aber keine Milch vertr\u00e4gt, kann dunkelgr\u00fcnes Gem\u00fcse, Orangen, Sojaprodukte und N\u00fcsse essen, die ebenfalls Kalzium enthalten. Auch manche Mineralw\u00e4sser k\u00f6nnen zur Versorgung beitragen. Eine ideale Zwischenmahlzeit f\u00fcr hungrige Nachtwanderer ist K\u00e4se. Ob Blauschimmel, Brie, Cheddar, Gouda oder Frischk\u00e4se. Sie alle bilden einen Schutzfilm aus Fett um die Z\u00e4hne, mit dem Kariesbakterien nichts anfangen k\u00f6nnen.<\/p>\n<p>Karotten, Spinat, Tomaten, Paprika, Aprikosen, Kirschen, Rote Beete, Papaya, Petersilie, Feldsalat &#8230; kurzum: Gelbe bis rote und gr\u00fcne Gem\u00fcse oder Fr\u00fcchte enthalten reichlich Vitamin A in Form von Beta-Carotin. Es f\u00f6rdert die Wachstums- und Erneuerungsprozesse der Mundschleimhaut.<\/p>\n<p>Vitamin C st\u00e4rkt das Immunsystem und ist die Ausgangssubstanz des Dentins. Da es auch f\u00fcr die Kollagenbildung des Zahnfleisches ben\u00f6tigt wird, unterst\u00fctzt es die Halterung der Z\u00e4hne. Au\u00dferdem t\u00f6tet es kariesbildende Bakterien ab. Vitamin C ist besonders reichlich in frischen Beeren sowie Gem\u00fcse vorhanden. Pflanzlichen \u00d6le enthalten das f\u00fcr den Aufbau von Z\u00e4hnen und Knochen ben\u00f6tigte Vitamin D. Haupts\u00e4chlich bildet der K\u00f6rper dieses Vitamin aufgrund der Sonneneinstrahlung auf der Haut selbst. Wer h\u00e4ufig an die Luft geht, bildet in der Regel genug davon.<\/p>\n<p>S\u00fc\u00df, sauer und klebrig sind die engsten Verb\u00fcndeten der Karies. Das bedeutet nicht den absoluten Verzicht auf S\u00fc\u00dfigkeiten, aber den richtigen Umgang mit ihnen. S\u00e4urehaltige Lebensmittel wie Essig, Zitronen \u2013 vor allem die hei\u00dfe Zitrone \u2013 , Orangen, Fruchts\u00e4fte, Cola oder Limonade, Sportgetr\u00e4nke, Wein und Sekt l\u00f6sen die oberfl\u00e4chliche Zahnsubstanz an und ein Teil der dort eingelagerten Kalziumphosphate schwimmt einfach mit dem Speichel davon. Wer dies vermeiden m\u00f6chte, greift zum Strohhalm und sp\u00fclt danach den Mund mit Wasser oder Milch aus. Und: Z\u00e4hne fr\u00fchestens nach 30 Minuten putzen, wenn die Z\u00e4hne sich vom S\u00e4ureangriff erholt haben. Zucker versteckt sich auch da, wo man ihn auf den ersten Blick nicht vermutet: In Ketchup, Fertigsaucen und Fruchtjoghurts.<\/p>\n<p>\u201eEin \u201aZuckerverbot\u2019 ist weder sinnvoll noch n\u00f6tig\u201c, so Prof. Dr. Stefan Zimmer, Leiter der Abteilung f\u00fcr Zahnerhaltung und Pr\u00e4ventivzahnmedizin der Privaten Universit\u00e4t Witten\/Herdecke. Denn f\u00fcr die Entstehung von Karies kommt es wesentlich darauf an, wie oft S\u00fc\u00dfes gegessen wird. Prof. Zimmer empfiehlt deshalb: \u201eWer zwischendurch immer mal wieder naschen will, sollte auf Produkte mit dem \u201eZahnm\u00e4nnchen\u201c achten. Sie verursachen keine Karies.\u201c Beim Kauf von Lebensmitteln deshalb immer auf den Zuckergehalt achten und sich nicht t\u00e4uschen lassen: Auch hinter Glukose oder Glukosesirup, Maltose, Malzextrakt oder Saccharose verbirgt sich Zucker. Wer S\u00fc\u00dfes liebt, muss nicht verzichten: Nat\u00fcrliche Zuckeraustauschstoffe sind Xylit, Sorbit, Maltit und Isomalt. Zu den k\u00fcnstlichen S\u00fc\u00dfstoffen geh\u00f6ren Zyklamat, Saccharin, Aspartam oder Acesulfam.<\/p>\n<p>\u00dcbrigens, der als gesund gelobte Honig ist genauso zahnsch\u00e4digend wie jede andere S\u00fc\u00dfigkeit. Besonders ung\u00fcnstig f\u00fcr die Z\u00e4hne sind klebrige Lebensmittel, die l\u00e4ngere Zeit in der Mundh\u00f6hle verweilen. Die Speisen legen sich f\u00f6rmlich um den Zahn und bieten so ein Eldorado f\u00fcr Bakterien. Dazu geh\u00f6ren trockene Kekse, Cornflakes, Cracker, Kuchen, Chips oder Salzstangen. Sie sollten, wenn \u00fcberhaupt, einmal und nicht \u00fcber den ganzen Tag verteilt verzehrt werden. Sofortiges Z\u00e4hneputzen ist dringend zu empfehlen.<\/p>\n<p>Die im schwarzen und gr\u00fcnen Tee enthaltenen Inhaltsstoffe, wie Polyphenole und Flavonoide, hemmen im Mund die Umwandlung von St\u00e4rke in Traubenzucker, der den Kariesbakterien als Nahrungsgrundlage dient. Au\u00dferdem stoppt schwarzer Tee das Bakterien-Enzym Glucosyltransferase, welches Zucker in jene klebrige Matrix verwandelt, die Plaque am Zahn haften l\u00e4sst. Zu guter Letzt enth\u00e4lt Tee den Gerbstoff Catechin. Dieser greift in den Stoffwechsel des Kariesbakteriums Streptococcus mutans ein und l\u00e4sst es praktisch verhungern. Bereits ein Liter schwarzer Tee versorgt den K\u00f6rper nicht nur mit Fl\u00fcssigkeit, sondern auch mit rund zwei Milligramm Fluorid. Diese Menge deckt etwa 50 Prozent des Tagesbedarfs eines Erwachsenen. Fluorid h\u00e4rtet den Zahnschmelz und sch\u00fctzt somit vor Karies. Kleiner Nachteil: Regelm\u00e4\u00dfiger Teekonsum f\u00fchrt langfristig zur Verf\u00e4rbung des Zahnschmelzes, die aber im Rahmen einer professionellen Zahnreinigung beim Zahnarzt leicht entfernt werden kann.<\/p>\n<p><strong>P.S. <\/strong>Es gibt kein Gen, das Karies verursacht. Dennoch kann die Summe mehrerer Erbfaktoren die Anf\u00e4lligkeit f\u00fcr diese Krankheit sehr wohl beeinflussen, wie Untersuchungen an eineiigen Zwillingen ergeben haben. Das Kariesrisiko eines Menschen h\u00e4ngt von mehreren Faktoren ab: wie konzentriert, wie lange und wie h\u00e4ufig Zucker in der Mundh\u00f6hle ist und wie viele kariesverursachende Bakterien sich dort tummeln. Schlechte Mundhygiene ist deshalb f\u00fcr die Mehrzahl der Menschen die Ursache f\u00fcr schlechte Z\u00e4hne.<\/p>\n<p><a href=\"http:\/\/www.zahnarztwuppertal.org\/wp-content\/uploads\/2014\/01\/kinder-zaehne.jpg\"><img decoding=\"async\" loading=\"lazy\" class=\"alignnone size-full wp-image-489\" title=\"kinder zaehne\" src=\"http:\/\/www.zahnarztwuppertal.org\/wp-content\/uploads\/2014\/01\/kinder-zaehne.jpg\" alt=\"\" width=\"300\" height=\"300\" \/><\/a><br \/>\n<strong><br \/>\nWussten Sie, dass die Kariesrate bei Kindern in den letzten Jahren teils um bis zu 60 % zur\u00fcckgegangen ist?<\/strong><\/p>\n<p>Seit 1970 ist die Zahl der Zahnf\u00fcllungen um 30 % und die Zahl gezogener Z\u00e4hne sogar um fast 50 % gesunken!<\/p>\n<p>Ein gro\u00dfes Problem bei Kindern im Alter von zwei bis f\u00fcnf Jahren stellt nach wie vor die Saugerflaschenkaries dar. Durch das Dauernuckeln ges\u00fc\u00dfter Tees oder Fruchts\u00e4fte werden die Milchz\u00e4hne in kurzer Zeit zerst\u00f6rt. Ein normales Abbei\u00dfen ist dann nicht mehr m\u00f6glich, auch Sprachfehler k\u00f6nnen die Folge sein. Hier gilt es, die Eltern rechtzeitig dahingehend aufzukl\u00e4ren, die Nuckelflasche nicht dauerhaft ihrem Kind zu \u00fcberlassen.<\/p>\n<p>Auch Milchz\u00e4hne m\u00fcssen behandelt werden, denn kariesbedingte Sch\u00e4den k\u00f6nnen die Gesundheit der bleibenden Z\u00e4hne beeintr\u00e4chtigen. Ein vorzeitiger Verlust der Milchz\u00e4hne kann zu Zahnfehlstellungen f\u00fchren. Besonders die Milchbackenz\u00e4hne dienen als Platzhalter f\u00fcr die bleibenden Z\u00e4hne und m\u00fcssen bis zum 11.\/12. Lebensjahr erhalten bleiben.<\/p>\n<p>Versuchen Sie, die s\u00fc\u00dfen Zwischenmahlzeiten einzuschr\u00e4nken. Besser sind zahnfreundlichere Lebensmitteln wie K\u00e4se, rohes Gem\u00fcse, Yoghurt oder Fr\u00fcchte. Es ist empfehlenswert, gelegentlich zwischen den Mahlzeiten ein zuckerfreies Kaugummi zu kauen oder ein Zahnpflegebonbon zu lutschen, da beides die Speichelproduktion anregt und f\u00fcr einen ausgewogenen pH-Wert im Mund sorgt. Wenn Sie Wein, Saft, andere s\u00e4urehaltige Getr\u00e4nke und Lebensmittel zu sich genommen haben, sollten Sie etwa eine halbe Stunde mit dem Z\u00e4hneputzen warten. Der Zahnschmelz weicht nach jeder Mahlzeit auf. Nach rund 30 Minuten erh\u00e4lt er seine normale widerstandsf\u00e4hige Konsistenz zur\u00fcck, w\u00e4hrend der Speichel in dieser Zeit die S\u00e4ure neutralisiert hat und die Z\u00e4hne nicht mehr angreifen kann.<\/p>\n<p><a href=\"http:\/\/www.zahnarztwuppertal.org\/wp-content\/uploads\/2014\/01\/kaugummi.jpg\"><img decoding=\"async\" loading=\"lazy\" class=\"alignnone size-full wp-image-490\" title=\"kaugummi\" src=\"http:\/\/www.zahnarztwuppertal.org\/wp-content\/uploads\/2014\/01\/kaugummi.jpg\" alt=\"\" width=\"300\" height=\"225\" \/><\/a><\/p>\n<p><strong>Wunderwaffe gegen Karies: Kaugummi<\/strong><\/p>\n<p>Intensives Kauen regt den Speichelfluss zus\u00e4tzlich an. Viele Zahn\u00e4rzte empfehlen daher,\u00a0\u00a0besonders nach dem Essen oder Trinken, wenn das Kariesrisiko am gr\u00f6\u00dften ist, einen zuckerfreien Kaugummi zu kauen. Es ist wissenschaftlich erwiesen, dass dies den Speichelfluss bis um das Zehnfache steigert. Dadurch steigt der pH-Wert rasch wieder in den neutralen Bereich und das Kariesrisiko kann langfristig um bis zu 40 Prozent (!) vermindert werden.<\/p>\n<p>Allerdings sollen Sie nicht vergessen, dass die wirkungsvollste Prophylaxe-Ma\u00dfnahme die professionelle Zahnreinigung beim Zahnarzt ist. In Kombination mit der t\u00e4glichen Mundpflege zu Hause und der Kontrolle beim Zahnarzt sorgt diese daf\u00fcr, dass Z\u00e4hne und Zahnfleisch ein Leben lang gesund bleiben.<\/p>\n<p><a href=\"http:\/\/www.zahnarztwuppertal.org\/wp-content\/uploads\/2014\/01\/bleaching.jpg\"><img decoding=\"async\" loading=\"lazy\" class=\"alignnone size-full wp-image-491\" title=\"bleaching\" src=\"http:\/\/www.zahnarztwuppertal.org\/wp-content\/uploads\/2014\/01\/bleaching.jpg\" alt=\"\" width=\"300\" height=\"207\" \/><\/a><\/p>\n<p><strong>Wei\u00dfmacher-Cremes aus der Drogerie oder professionelles Aufhellen (Bleaching) beim Zahnarzt?<\/strong><\/p>\n<p title=\"Whitening Pen\">Bei einem gesunden Gebiss schadet die gelegentliche Anwendung von Wei\u00dfmacher-Zahncremes <strong><\/strong>nicht, um oberfl\u00e4chliche Verf\u00e4rbungen zu entfernen. Zu hoher Anpressdruck beim Putzen kann jedoch den Zahnschmelz sch\u00e4digen. Auch Aufhellungsprodukte aus der Apotheke sind f\u00fcr gesunde Z\u00e4hne unsch\u00e4dlich.<\/p>\n<p>Die nat\u00fcrliche Zahnfarbe eines Menschen reicht vom seltenen Wei\u00df bis hin zu einem gelblichen, grauen oder gar braunen Farbton. Selbst f\u00fcr den Zahnarzt tritt erst nacheiner professionellen Zahnreinigung, bei der auch die hartn\u00e4ckigsten Bel\u00e4ge entfernt werden, die nat\u00fcrliche Zahnfarbe ans Licht.<\/p>\n<p>Mit entsprechenden Materialien und Methoden r\u00fccken Zahn\u00e4rzte den meisten Zahnverf\u00e4rbungen erfolgreich zu Leibe. Farbpigmente, die sich im Dentin und im Schmelz abgelagert haben, verlieren dabei ihre verf\u00e4rbende Wirkung, ohne dass die Zahnsubstanz selbst ver\u00e4ndert wird. Unter zahn\u00e4rztlicher Aufsicht dauert eine Aufhellungsbehandlung einzelner, stark verf\u00e4rbter Z\u00e4hne oft nur eine Stunde.<\/p>\n<p>Aber: Wer nach einer Aufhellungsbehandlung h\u00e4ufig farbintensive Genuss- und Nahrungsmittel wie Tabak, Tee, Kaffee und Rotwein verzehrt und dazu die t\u00e4gliche Mundhygiene vernachl\u00e4ssigt, hat nicht lange etwas von seinen hellen Z\u00e4hnen. Untersuchungen aus den USA zufolge gehen aber Menschen nach einer professionellen Bleichbehandlung bewusster mit ihrer Zahngesundheit um und lassen ihre Z\u00e4hne regelm\u00e4\u00dfig professionell reinigen.<\/p>\n<p>P.S. Die meisten Wuppertaler Zahn\u00e4rzte\u00a0bieten eine Bleaching-Behandlung an, die in der Regel\u00a0etwa eine Stunde dauert.<\/p>\n<p><a href=\"http:\/\/www.zahnarztwuppertal.org\/wp-content\/uploads\/2014\/01\/veneers.jpg\"><img decoding=\"async\" loading=\"lazy\" class=\"alignnone size-full wp-image-492\" title=\"veneers\" src=\"http:\/\/www.zahnarztwuppertal.org\/wp-content\/uploads\/2014\/01\/veneers.jpg\" alt=\"\" width=\"300\" height=\"197\" \/><\/a><\/p>\n<p><strong>Was sind eigentlich Veneers?<br \/>\n<\/strong><\/p>\n<p>Seit vielen Jahren sind Veneers, so der Fachausdruck f\u00fcr die nahezu transparenten Verblendschalen, fester Bestandteil der \u00e4sthetischen Zahnheilkunde. Wie k\u00fcnstliche Fingern\u00e4gel werden sie von au\u00dfen auf den Zahn geklebt. Die modernen keramischen Werkstoffe k\u00f6nnen Farbe und Oberfl\u00e4chenstruktur des Zahns so gut nachahmen, dass eine nat\u00fcrliche \u00c4sthetik erreicht wird.<\/p>\n<p>Die Behandlung ist einfach: Zun\u00e4chst schleift der Zahnarzt den Zahn im sichtbaren Bereich leicht an. Mit gro\u00dfer Pr\u00e4zision wird das Veneer aus Keramik dann im zahntechnischen Labor gefertigt. In der Zahnarztpraxis wird die nahezu transparente Verblendschale durch eine besondere Klebetechnik fest mit der Zahnfront verbunden. Dieser Prozess ist zahn\u00e4rztlich anspruchsvoll, aber schmerzfrei.<\/p>\n<p>Im Vergleich zur Versorgung mit einer Krone, bei welcher der Zahnarzt etwa 1,2 Millimeter Zahnsubstanz abschleift, f\u00e4llt die bei der Verblendmethode zu opfernde Zahnsubstanz mit 0,5 Millimeter sehr gering aus. Veneers sehen aber nicht nur aus wie echte Z\u00e4hne, sie haben auch eine hohe Lebenserwartung, was den Eigenschaften der Keramik zu verdanken ist. Denn ihre H\u00e4rte kommt der des nat\u00fcrlichen Zahns sehr nahe. Au\u00dferdem besticht Keramik durch eine hohe Farb- und Abriebbest\u00e4ndigkeit. Die Oberfl\u00e4che von Veneers ist hochglasiert und dadurch so glatt, dass sich nur wenig Belag und Zahnstein anlagern k\u00f6nnen \u2013 damit wird gleichzeitig der Entz\u00fcndung des Zahnfleisches vorgebeugt. Die Kosten f\u00fcr ein Veneer liegen je nach Aufwand zwischen 400 und 1000 Euro und sind leider keine Kassenleistung.<\/p>\n<p><a href=\"http:\/\/www.zahnarztwuppertal.org\/wp-content\/uploads\/2011\/02\/zahnzusatzversicherung-wuppertal.jpg\"><img decoding=\"async\" loading=\"lazy\" class=\"alignnone size-full wp-image-54\" title=\"zahnzusatzversicherung wuppertal\" src=\"http:\/\/www.zahnarztwuppertal.org\/wp-content\/uploads\/2011\/02\/zahnzusatzversicherung-wuppertal.jpg\" alt=\"\" width=\"180\" height=\"135\" \/><\/a><\/p>\n<p><strong><a title=\"Zahnzusatzversicherung\" href=\"http:\/\/www.zahnarztwuppertal.org\/index.php\/zahnzusatzversicherung\/\" target=\"_blank\">Zahnzusatzversicherung<\/a>: was Sie wissen sollten<\/strong><\/p>\n<p>Folgende Fragen sind zu beachten:<\/p>\n<p>Sind Kosten f\u00fcr Implantate, Knochenaufbauma\u00dfahmen und Inlays einbezogen? Inwiefern werden Kosten f\u00fcr eine kieferorthop\u00e4dische oder kosmetische Behandlung, F\u00fcllungen und Prophylaxe \u00fcbernommen? Wird der h\u00f6chstm\u00f6gliche Geb\u00fchrensatz (3,5fach GOZ) erstattet? Wird der Eigenanteil, der Festzuschuss oder die gesamte Zahnersatzrechnung prozentual bezuschusst und in welcher H\u00f6he?<\/p>\n<p>Laut der Zeitschrift <strong>Finanztest<\/strong>, die im Dezember vergangenen Jahres 140 Zahnzusatzversicherungen verglichen hat, zahlen sehr gute Versicherungen bis zu\u00a0100 Prozent des Eigenanteils bei Zahnersatz, weniger gute nur 20 Prozent.<\/p>\n<p>Relevant f\u00fcr die Beitragsentwicklung sei, so die Stiftung Warentest auf ihrer Internetseite, ob sich der Tarif nach Art der Lebens- oder aber nach Art der Schadensversicherung kalkuliert. Bei der Lebensversicherungskalkulation werden Alterungsr\u00fcckstellungen gebildet, d.h. man spart zun\u00e4chst mehr, als es dem altersbedingten Risiko entspricht. Dies soll Beitragserh\u00f6hungen im Alter vermeiden. Doch auch hier ist es m\u00f6glich, dass die gebildete Alterungsr\u00fcckstellung zu gering war und nachtr\u00e4glich aufgestockt werden muss. Der Versicherer darf bei dieser Art der Kalkulation die Vertr\u00e4ge nicht k\u00fcndigen und die Versicherungsbedingungen nur in seltenen Ausnahmef\u00e4llen nachtr\u00e4glich ver\u00e4ndern. Bei der Kalkulation nach der Schadensversicherung kann der Beitrag mit zunehmendem Alter steigen. Der Versicherer k\u00f6nnte theoretisch in den ersten drei Jahren den Vertrag k\u00fcndigen oder nachtr\u00e4glich Leistungen k\u00fcrzen, in der Regel verzichten die Gesellschaften jedoch in den Versicherungsbedingungen auf dieses Recht.<\/p>\n<p>Je j\u00fcnger der Versicherte ist, desto g\u00fcnstiger ist in der Regel der Tarif. Manche Versicherer begrenzen das Eintrittsalter (oft 60 Jahre) und bieten stattdessen teurere Seniorentarife an, die eventuell auch schlechtere Leistungen beinhalten. Bei den meisten Policen fallen aktuelle Behandlungen nicht unter die Leistungspflicht, da sie eine Sperrfrist beinhalten, in der die Versicherung von der Leistungspflicht befreit ist. Nicht selten werden auch zus\u00e4tzliche Begrenzungen f\u00fcr die gesamten Tarifleistungen in den ersten Jahren festgelegt. Ob die Versicherung auch im Falle eines Unfalls in der Sperrzeit zahlt, sollte ebenfalls gepr\u00fcft werden.<\/p>\n<p><a href=\"http:\/\/www.zahnarztwuppertal.org\/wp-content\/uploads\/2014\/01\/zahnersatz.jpg\"><img decoding=\"async\" loading=\"lazy\" class=\"alignnone size-full wp-image-493\" title=\"zahnersatz\" src=\"http:\/\/www.zahnarztwuppertal.org\/wp-content\/uploads\/2014\/01\/zahnersatz.jpg\" alt=\"\" width=\"300\" height=\"225\" \/><\/a><\/p>\n<p><strong>Zahnersatz Wuppertal: Gibt es eine Garantie?<br \/>\n<\/strong><br \/>\nDer Gesetzgeber schreibt f\u00fcr zahn\u00e4rztliche und zahntechnische Arbeiten eine Gew\u00e4hrleistungspflicht von <strong>zwei Jahren<\/strong> vor. Einige Dentallabore verl\u00e4ngern dar\u00fcber hinaus die Garantiezeit f\u00fcr bestimmte Versorgungen und Materialien auf bis zu f\u00fcnf Jahre, bei Einhaltung regelm\u00e4\u00dfiger Kontrollbesuche beim Zahnarzt.<\/p>\n<p>&nbsp;<\/p>\n","protected":false},"excerpt":{"rendered":"<p>Oft vergessen: Zahnseide Putzen Sie Ihre Z\u00e4hne zweimal t\u00e4glich drei Minuten lang mit fluoridierter Zahnpasta. Schrubben Sie dabei keinesfalls waagerecht, sondern reinigen Sie jeden einzelnen Zahn sorgf\u00e4ltig mit r\u00fcttelnden und auswischenden Bewegungen von rot (Zahnfleisch) nach wei\u00df (Zahn). Der Druck der Zahnb\u00fcrste auf den Zahn sollte 150 Gramm nicht \u00fcbersteigen \u2013 nehmen Sie eine K\u00fcchenwaage [&hellip;]<\/p>\n","protected":false},"author":2,"featured_media":0,"parent":0,"menu_order":0,"comment_status":"open","ping_status":"open","template":"","meta":[],"_links":{"self":[{"href":"http:\/\/www.zahnarztwuppertal.org\/index.php\/wp-json\/wp\/v2\/pages\/20"}],"collection":[{"href":"http:\/\/www.zahnarztwuppertal.org\/index.php\/wp-json\/wp\/v2\/pages"}],"about":[{"href":"http:\/\/www.zahnarztwuppertal.org\/index.php\/wp-json\/wp\/v2\/types\/page"}],"author":[{"embeddable":true,"href":"http:\/\/www.zahnarztwuppertal.org\/index.php\/wp-json\/wp\/v2\/users\/2"}],"replies":[{"embeddable":true,"href":"http:\/\/www.zahnarztwuppertal.org\/index.php\/wp-json\/wp\/v2\/comments?post=20"}],"version-history":[{"count":10,"href":"http:\/\/www.zahnarztwuppertal.org\/index.php\/wp-json\/wp\/v2\/pages\/20\/revisions"}],"predecessor-version":[{"id":343,"href":"http:\/\/www.zahnarztwuppertal.org\/index.php\/wp-json\/wp\/v2\/pages\/20\/revisions\/343"}],"wp:attachment":[{"href":"http:\/\/www.zahnarztwuppertal.org\/index.php\/wp-json\/wp\/v2\/media?parent=20"}],"curies":[{"name":"wp","href":"https:\/\/api.w.org\/{rel}","templated":true}]}}